{"id":16477,"date":"2022-07-27T16:25:15","date_gmt":"2022-07-27T23:25:15","guid":{"rendered":"https:\/\/simnsa.com\/?page_id=16477"},"modified":"2022-08-05T16:59:43","modified_gmt":"2022-08-05T23:59:43","slug":"survey","status":"publish","type":"page","link":"https:\/\/simnsa.com\/es\/survey\/","title":{"rendered":"Encuesta de Servicio"},"content":{"rendered":"<div id=\"cmsmasters_row_72urcg3o4j\" class=\"cmsmasters_row cmsmasters_color_scheme_default cmsmasters_row_top_default cmsmasters_row_bot_default cmsmasters_row_boxed\">\n<div class=\"cmsmasters_row_outer_parent\">\n<div class=\"cmsmasters_row_outer\">\n<div class=\"cmsmasters_row_inner\">\n<div class=\"cmsmasters_row_margin\">\n<div id=\"cmsmasters_column_isrwhk3chv\" class=\"cmsmasters_column three_fourth\">\n<div class=\"cmsmasters_column_inner\"><div id=\"cmsmasters_heading_4r7djlgqke\" class=\"cmsmasters_heading_wrap cmsmasters_heading_align_left border-subtitle\">\n\t<h2 class=\"cmsmasters_heading\">Encuesta de Servicio<\/h2>\n<\/div>\n<\/div><\/div>\n<div id=\"cmsmasters_column_zt6vi4mr2\" class=\"cmsmasters_column one_fourth\">\n<div class=\"cmsmasters_column_inner\"><\/div><\/div>\n<\/div>\n<\/div>\n<\/div>\n<\/div>\n<\/div>\n<div id=\"cmsmasters_row_5qwhwco9dq\" class=\"cmsmasters_row cmsmasters_color_scheme_default cmsmasters_row_top_default cmsmasters_row_bot_default cmsmasters_row_boxed\">\n<div class=\"cmsmasters_row_outer_parent\">\n<div class=\"cmsmasters_row_outer\">\n<div class=\"cmsmasters_row_inner\">\n<div class=\"cmsmasters_row_margin\">\n<div id=\"cmsmasters_column_nxluq4wvus\" class=\"cmsmasters_column two_third\">\n<div class=\"cmsmasters_column_inner\"><div class=\"cmsmasters_text\">\n<div class=\"forminator-ui forminator-custom-form forminator-custom-form-16482 forminator-design--default  forminator_ajax\" data-forminator-render=\"0\" data-form=\"forminator-module-16482\" data-uid=\"69f23b284735a\"><br\/><\/div><form\r\n\t\t\t\tid=\"forminator-module-16482\"\r\n\t\t\t\tclass=\"forminator-ui forminator-custom-form forminator-custom-form-16482 forminator-design--default  forminator_ajax\"\r\n\t\t\t\tmethod=\"post\"\r\n\t\t\t\tdata-forminator-render=\"0\"\r\n\t\t\t\tdata-form-id=\"16482\"\r\n\t\t\t\t data-color-option=\"default\" data-design=\"default\" data-grid=\"open\" style=\"display: none;\"\r\n\t\t\t\tdata-uid=\"69f23b284735a\" action=\"\"\r\n\t\t\t><div role=\"alert\" aria-live=\"polite\" class=\"forminator-response-message forminator-error\" aria-hidden=\"true\"><\/div><div class=\"forminator-row\"><div id=\"radio-6\" class=\"forminator-field-radio forminator-col forminator-col-12\"><div role=\"radiogroup\" class=\"forminator-field\" aria-labelledby=\"forminator-radiogroup-radio-6-69f23b284735a-label\"><span id=\"forminator-radiogroup-radio-6-69f23b284735a-label\" class=\"forminator-label\">\u00bfCuenta con aseguranza SIMNSA?<\/span><label id=\"forminator-field-radio-6-label-1\" for=\"forminator-field-radio-6-1-69f23b284735a\" class=\"forminator-radio forminator-radio-inline\" title=\"Si\"><input type=\"radio\" name=\"radio-6\" value=\"Yes\" id=\"forminator-field-radio-6-1-69f23b284735a\" aria-labelledby=\"forminator-field-radio-6-label-1\" data-calculation=\"0\"  \/><span class=\"forminator-radio-bullet\" aria-hidden=\"true\"><\/span><span class=\"forminator-radio-label\">Si<\/span><\/label><label id=\"forminator-field-radio-6-label-2\" for=\"forminator-field-radio-6-2-69f23b284735a\" class=\"forminator-radio forminator-radio-inline\" title=\"No\"><input type=\"radio\" name=\"radio-6\" value=\"No\" id=\"forminator-field-radio-6-2-69f23b284735a\" aria-labelledby=\"forminator-field-radio-6-label-2\" data-calculation=\"0\"  \/><span class=\"forminator-radio-bullet\" aria-hidden=\"true\"><\/span><span class=\"forminator-radio-label\">No<\/span><\/label><\/div><\/div><\/div><div class=\"forminator-row\"><div id=\"select-1\" class=\"forminator-field-select forminator-col forminator-col-12\"><div class=\"forminator-field\"><label for=\"forminator-form-16482__field--select-1_69f23b284735a\" id=\"forminator-form-16482__field--select-1_69f23b284735a-label\" class=\"forminator-label\">Departamento atendido:<\/label><select  id=\"forminator-form-16482__field--select-1_69f23b284735a\" class=\"forminator-select--field forminator-select2 forminator-select2-multiple\" data-required=\"\" name=\"select-1\" data-default-value=\"\" data-placeholder=\"Select Department\" data-search=\"false\" data-search-placeholder=\"Select Department\" data-checkbox=\"false\" data-allow-clear=\"false\" aria-labelledby=\"forminator-form-16482__field--select-1_69f23b284735a-label\"><option value=\"\"  >Seleccionar departamento<\/option><option value=\"Laboratory---INTERLAB\"  data-calculation=\"0\">Laboratorio \/ INTERLAB<\/option><option value=\"Hospitalization\"  data-calculation=\"0\">Hospitalizaci\u00f3n<\/option><option value=\"Imaging\"  data-calculation=\"0\">Imagenolog\u00eda<\/option><option value=\"Podology\"  data-calculation=\"0\">Podolog\u00eda<\/option><option value=\"General-Medicine---MEDYCA\"  data-calculation=\"0\">Medicina General \/ MEDYCA<\/option><option value=\"Specialties\"  data-calculation=\"0\">Especialidades<\/option><option value=\"Metabolic-Syndrome-Clinic\"  data-calculation=\"0\">Cl\u00ednica de S\u00edndrome Metab\u00f3lico<\/option><option value=\"Spa---Dermalife\"  data-calculation=\"0\">Spa - Dermalife<\/option><option value=\"Administrative\"  data-calculation=\"0\">Administrativo<\/option><option value=\"Surgical-Center\"  data-calculation=\"0\">Centro Quir\u00fargico<\/option><option value=\"Health-and-Mental-Wellness\"  data-calculation=\"0\">Salud y Bienestar Mental<\/option><option value=\"Physical-Therapy-and-Acupuncture\"  data-calculation=\"0\">Terapia Fisica y Acupuntura<\/option><option value=\"Dental---Unident\"  data-calculation=\"0\">Dental \/ Unident<\/option><option value=\"Pediatric-Clinic\"  data-calculation=\"0\">Pediatr\u00eda<\/option><option value=\"Cardiology-and-Pulmonary\"  data-calculation=\"0\">Cardiolog\u00eda y Pulmonar<\/option><option value=\"Customer-Service-Desk\"  data-calculation=\"0\">Servicio a el Cliente<\/option><option value=\"Telehealth-Telemedicine\"  data-calculation=\"0\">Telemedicina<\/option><\/select><\/div><\/div><\/div><div class=\"forminator-row\"><div id=\"html-1\" class=\"forminator-field-html forminator-col forminator-col-12  html-leyenda\"><div class=\"forminator-field forminator-merge-tags\" data-field=\"html-1\"><div class=\"leyenda\">\n<p style=\"font-size: 17px;font-weight: bold;color: #303030\">Seleccione la opci\u00f3n marcando el nivel de satisfacci\u00f3n de su visita<\/p>\n<\/div><\/div><\/div><\/div><div class=\"forminator-row\"><div id=\"radio-1\" class=\"forminator-field-radio forminator-col forminator-col-12\"><div role=\"radiogroup\" class=\"forminator-field\" aria-labelledby=\"forminator-radiogroup-radio-1-69f23b284735a-label\"><span id=\"forminator-radiogroup-radio-1-69f23b284735a-label\" class=\"forminator-label\">Califique su nivel de satisfacci\u00f3n de la atenci\u00f3n recibida<\/span><label id=\"forminator-field-radio-1-label-1\" for=\"forminator-field-radio-1-1-69f23b284735a\" class=\"forminator-radio forminator-radio-inline\" title=\"Malo\"><input type=\"radio\" name=\"radio-1\" value=\"Poor\" id=\"forminator-field-radio-1-1-69f23b284735a\" aria-labelledby=\"forminator-field-radio-1-label-1\" data-calculation=\"0\"  \/><span class=\"forminator-radio-bullet\" aria-hidden=\"true\"><\/span><span class=\"forminator-radio-label\">Malo<\/span><\/label><label id=\"forminator-field-radio-1-label-2\" for=\"forminator-field-radio-1-2-69f23b284735a\" class=\"forminator-radio forminator-radio-inline\" title=\"Regular\"><input type=\"radio\" name=\"radio-1\" value=\"Average\" id=\"forminator-field-radio-1-2-69f23b284735a\" aria-labelledby=\"forminator-field-radio-1-label-2\" data-calculation=\"0\"  \/><span class=\"forminator-radio-bullet\" aria-hidden=\"true\"><\/span><span class=\"forminator-radio-label\">Regular<\/span><\/label><label id=\"forminator-field-radio-1-label-3\" for=\"forminator-field-radio-1-3-69f23b284735a\" class=\"forminator-radio forminator-radio-inline\" title=\"Buena\"><input type=\"radio\" name=\"radio-1\" value=\"Good\" id=\"forminator-field-radio-1-3-69f23b284735a\" aria-labelledby=\"forminator-field-radio-1-label-3\" data-calculation=\"0\"  \/><span class=\"forminator-radio-bullet\" aria-hidden=\"true\"><\/span><span class=\"forminator-radio-label\">Buena<\/span><\/label><label id=\"forminator-field-radio-1-label-4\" for=\"forminator-field-radio-1-4-69f23b284735a\" class=\"forminator-radio forminator-radio-inline\" title=\"Excelente\"><input type=\"radio\" name=\"radio-1\" value=\"Excellent\" id=\"forminator-field-radio-1-4-69f23b284735a\" aria-labelledby=\"forminator-field-radio-1-label-4\" data-calculation=\"0\"  \/><span class=\"forminator-radio-bullet\" aria-hidden=\"true\"><\/span><span class=\"forminator-radio-label\">Excelente<\/span><\/label><\/div><\/div><\/div><div class=\"forminator-row\"><div id=\"radio-2\" class=\"forminator-field-radio forminator-col forminator-col-12\"><div role=\"radiogroup\" class=\"forminator-field\" aria-labelledby=\"forminator-radiogroup-radio-2-69f23b284735a-label\"><span id=\"forminator-radiogroup-radio-2-69f23b284735a-label\" class=\"forminator-label\">\u00bfLos tiempos de espera de la atenci\u00f3n fueron adecuados?<\/span><label id=\"forminator-field-radio-2-label-1\" for=\"forminator-field-radio-2-1-69f23b284735a\" class=\"forminator-radio forminator-radio-inline\" title=\"Malo\"><input type=\"radio\" name=\"radio-2\" value=\"Poor\" id=\"forminator-field-radio-2-1-69f23b284735a\" aria-labelledby=\"forminator-field-radio-2-label-1\" data-calculation=\"0\"  \/><span class=\"forminator-radio-bullet\" aria-hidden=\"true\"><\/span><span class=\"forminator-radio-label\">Malo<\/span><\/label><label id=\"forminator-field-radio-2-label-2\" for=\"forminator-field-radio-2-2-69f23b284735a\" class=\"forminator-radio forminator-radio-inline\" title=\"Regular\"><input type=\"radio\" name=\"radio-2\" value=\"Average\" id=\"forminator-field-radio-2-2-69f23b284735a\" aria-labelledby=\"forminator-field-radio-2-label-2\" data-calculation=\"0\"  \/><span class=\"forminator-radio-bullet\" aria-hidden=\"true\"><\/span><span class=\"forminator-radio-label\">Regular<\/span><\/label><label id=\"forminator-field-radio-2-label-3\" for=\"forminator-field-radio-2-3-69f23b284735a\" class=\"forminator-radio forminator-radio-inline\" title=\"Buena\"><input type=\"radio\" name=\"radio-2\" value=\"Good\" id=\"forminator-field-radio-2-3-69f23b284735a\" aria-labelledby=\"forminator-field-radio-2-label-3\" data-calculation=\"0\"  \/><span class=\"forminator-radio-bullet\" aria-hidden=\"true\"><\/span><span class=\"forminator-radio-label\">Buena<\/span><\/label><label id=\"forminator-field-radio-2-label-4\" for=\"forminator-field-radio-2-4-69f23b284735a\" class=\"forminator-radio forminator-radio-inline\" title=\"Excelente\"><input type=\"radio\" name=\"radio-2\" value=\"Excellent\" id=\"forminator-field-radio-2-4-69f23b284735a\" aria-labelledby=\"forminator-field-radio-2-label-4\" data-calculation=\"0\"  \/><span class=\"forminator-radio-bullet\" aria-hidden=\"true\"><\/span><span class=\"forminator-radio-label\">Excelente<\/span><\/label><\/div><\/div><\/div><div class=\"forminator-row\"><div id=\"radio-9\" class=\"forminator-field-radio forminator-col forminator-col-12\"><div role=\"radiogroup\" class=\"forminator-field\" aria-labelledby=\"forminator-radiogroup-radio-9-69f23b284735a-label\"><span id=\"forminator-radiogroup-radio-9-69f23b284735a-label\" class=\"forminator-label\">\u00bfC\u00f3mo considera la atenci\u00f3n y servicio del personal?<\/span><label id=\"forminator-field-radio-9-label-1\" for=\"forminator-field-radio-9-1-69f23b284735a\" class=\"forminator-radio forminator-radio-inline\" title=\"Malo\"><input type=\"radio\" name=\"radio-9\" value=\"one\" id=\"forminator-field-radio-9-1-69f23b284735a\" aria-labelledby=\"forminator-field-radio-9-label-1\" data-calculation=\"0\"  \/><span class=\"forminator-radio-bullet\" aria-hidden=\"true\"><\/span><span class=\"forminator-radio-label\">Malo<\/span><\/label><label id=\"forminator-field-radio-9-label-2\" for=\"forminator-field-radio-9-2-69f23b284735a\" class=\"forminator-radio forminator-radio-inline\" title=\"Regular\"><input type=\"radio\" name=\"radio-9\" value=\"two\" id=\"forminator-field-radio-9-2-69f23b284735a\" aria-labelledby=\"forminator-field-radio-9-label-2\" data-calculation=\"0\"  \/><span class=\"forminator-radio-bullet\" aria-hidden=\"true\"><\/span><span class=\"forminator-radio-label\">Regular<\/span><\/label><label id=\"forminator-field-radio-9-label-3\" for=\"forminator-field-radio-9-3-69f23b284735a\" class=\"forminator-radio forminator-radio-inline\" title=\"Buena\"><input type=\"radio\" name=\"radio-9\" value=\"Good\" id=\"forminator-field-radio-9-3-69f23b284735a\" aria-labelledby=\"forminator-field-radio-9-label-3\" data-calculation=\"0\"  \/><span class=\"forminator-radio-bullet\" aria-hidden=\"true\"><\/span><span class=\"forminator-radio-label\">Buena<\/span><\/label><label id=\"forminator-field-radio-9-label-4\" for=\"forminator-field-radio-9-4-69f23b284735a\" class=\"forminator-radio forminator-radio-inline\" title=\"Excelente\"><input type=\"radio\" name=\"radio-9\" value=\"Excellent\" id=\"forminator-field-radio-9-4-69f23b284735a\" aria-labelledby=\"forminator-field-radio-9-label-4\" data-calculation=\"0\"  \/><span class=\"forminator-radio-bullet\" aria-hidden=\"true\"><\/span><span class=\"forminator-radio-label\">Excelente<\/span><\/label><\/div><\/div><\/div><div class=\"forminator-row\"><div id=\"radio-7\" class=\"forminator-field-radio forminator-col forminator-col-12\"><div role=\"radiogroup\" class=\"forminator-field\" aria-labelledby=\"forminator-radiogroup-radio-7-69f23b284735a-label\"><span id=\"forminator-radiogroup-radio-7-69f23b284735a-label\" class=\"forminator-label\">\u00bfC\u00f3mo calificar\u00eda la atenci\u00f3n m\u00e9dica brindada durante su visita?<\/span><label id=\"forminator-field-radio-7-label-1\" for=\"forminator-field-radio-7-1-69f23b284735a\" class=\"forminator-radio forminator-radio-inline\" title=\"Malo\"><input type=\"radio\" name=\"radio-7\" value=\"Poor\" id=\"forminator-field-radio-7-1-69f23b284735a\" aria-labelledby=\"forminator-field-radio-7-label-1\" data-calculation=\"0\"  \/><span class=\"forminator-radio-bullet\" aria-hidden=\"true\"><\/span><span class=\"forminator-radio-label\">Malo<\/span><\/label><label id=\"forminator-field-radio-7-label-2\" for=\"forminator-field-radio-7-2-69f23b284735a\" class=\"forminator-radio forminator-radio-inline\" title=\"Regular\"><input type=\"radio\" name=\"radio-7\" value=\"Average\" id=\"forminator-field-radio-7-2-69f23b284735a\" aria-labelledby=\"forminator-field-radio-7-label-2\" data-calculation=\"0\"  \/><span class=\"forminator-radio-bullet\" aria-hidden=\"true\"><\/span><span class=\"forminator-radio-label\">Regular<\/span><\/label><label id=\"forminator-field-radio-7-label-3\" for=\"forminator-field-radio-7-3-69f23b284735a\" class=\"forminator-radio forminator-radio-inline\" title=\"Buena\"><input type=\"radio\" name=\"radio-7\" value=\"Good\" id=\"forminator-field-radio-7-3-69f23b284735a\" aria-labelledby=\"forminator-field-radio-7-label-3\" data-calculation=\"0\"  \/><span class=\"forminator-radio-bullet\" aria-hidden=\"true\"><\/span><span class=\"forminator-radio-label\">Buena<\/span><\/label><label id=\"forminator-field-radio-7-label-4\" for=\"forminator-field-radio-7-4-69f23b284735a\" class=\"forminator-radio forminator-radio-inline\" title=\"Excelente\"><input type=\"radio\" name=\"radio-7\" value=\"Excellent\" id=\"forminator-field-radio-7-4-69f23b284735a\" aria-labelledby=\"forminator-field-radio-7-label-4\" data-calculation=\"0\"  \/><span class=\"forminator-radio-bullet\" aria-hidden=\"true\"><\/span><span class=\"forminator-radio-label\">Excelente<\/span><\/label><\/div><\/div><\/div><div class=\"forminator-row\"><div id=\"radio-8\" class=\"forminator-field-radio forminator-col forminator-col-12\"><div role=\"radiogroup\" class=\"forminator-field\" aria-labelledby=\"forminator-radiogroup-radio-8-69f23b284735a-label\"><span id=\"forminator-radiogroup-radio-8-69f23b284735a-label\" class=\"forminator-label\">\u00bfC\u00f3mo recomendar\u00eda nuestro servicio a sus conocidos?<\/span><label id=\"forminator-field-radio-8-label-1\" for=\"forminator-field-radio-8-1-69f23b284735a\" class=\"forminator-radio forminator-radio-inline\" title=\"Malo\"><input type=\"radio\" name=\"radio-8\" value=\"Poor\" id=\"forminator-field-radio-8-1-69f23b284735a\" aria-labelledby=\"forminator-field-radio-8-label-1\" data-calculation=\"0\"  \/><span class=\"forminator-radio-bullet\" aria-hidden=\"true\"><\/span><span class=\"forminator-radio-label\">Malo<\/span><\/label><label id=\"forminator-field-radio-8-label-2\" for=\"forminator-field-radio-8-2-69f23b284735a\" class=\"forminator-radio forminator-radio-inline\" title=\"Regular\"><input type=\"radio\" name=\"radio-8\" value=\"Average\" id=\"forminator-field-radio-8-2-69f23b284735a\" aria-labelledby=\"forminator-field-radio-8-label-2\" data-calculation=\"0\"  \/><span class=\"forminator-radio-bullet\" aria-hidden=\"true\"><\/span><span class=\"forminator-radio-label\">Regular<\/span><\/label><label id=\"forminator-field-radio-8-label-3\" for=\"forminator-field-radio-8-3-69f23b284735a\" class=\"forminator-radio forminator-radio-inline\" title=\"Buena\"><input type=\"radio\" name=\"radio-8\" value=\"Good\" id=\"forminator-field-radio-8-3-69f23b284735a\" aria-labelledby=\"forminator-field-radio-8-label-3\" data-calculation=\"0\"  \/><span class=\"forminator-radio-bullet\" aria-hidden=\"true\"><\/span><span class=\"forminator-radio-label\">Buena<\/span><\/label><label id=\"forminator-field-radio-8-label-4\" for=\"forminator-field-radio-8-4-69f23b284735a\" class=\"forminator-radio forminator-radio-inline\" title=\"Excelente\"><input type=\"radio\" name=\"radio-8\" value=\"Excellent\" id=\"forminator-field-radio-8-4-69f23b284735a\" aria-labelledby=\"forminator-field-radio-8-label-4\" data-calculation=\"0\"  \/><span class=\"forminator-radio-bullet\" aria-hidden=\"true\"><\/span><span class=\"forminator-radio-label\">Excelente<\/span><\/label><\/div><\/div><\/div><div class=\"forminator-row\"><div id=\"text-1\" class=\"forminator-field-text forminator-col forminator-col-12\"><div class=\"forminator-field\"><label for=\"forminator-field-text-1_69f23b284735a\" id=\"forminator-field-text-1_69f23b284735a-label\" class=\"forminator-label\">Correo o N\u00famero de Membres\u00eda<\/label><input type=\"text\" name=\"text-1\" value=\"\" placeholder=\"Opcional\" id=\"forminator-field-text-1_69f23b284735a\" class=\"forminator-input forminator-name--field\" data-required=\"\" maxlength=\"50\" \/><span id=\"forminator-field-text-1_69f23b284735a-description\" class=\"forminator-description\"><span data-limit=\"50\" data-type=\"characters\">0 \/ 50<\/span><\/span><\/div><\/div><\/div><div class=\"forminator-row\"><div id=\"textarea-1\" class=\"forminator-field-textarea forminator-col forminator-col-12\"><div class=\"forminator-field\"><label for=\"forminator-field-textarea-1_69f23b284735a\" id=\"forminator-field-textarea-1_69f23b284735a-label\" class=\"forminator-label\">Comentarios adicionales para mejorar nuestro servicio<\/label><textarea name=\"textarea-1\" placeholder=\"Opcional\" id=\"forminator-field-textarea-1_69f23b284735a\" class=\"forminator-textarea\" rows=\"6\" style=\"--forminator-textarea-min-height:140px;\" ><\/textarea><\/div><\/div><\/div><input type=\"hidden\" name=\"referer_url\" value=\"\" \/><div class=\"forminator-row forminator-row-last\"><div class=\"forminator-col\"><div class=\"forminator-field\"><button class=\"forminator-button forminator-button-submit\">Enviar<\/button><\/div><\/div><\/div><input type=\"hidden\" id=\"forminator_nonce\" name=\"forminator_nonce\" value=\"aa3cc403ae\" \/><input type=\"hidden\" name=\"_wp_http_referer\" value=\"\/es\/wp-json\/wp\/v2\/pages\/16477\" \/><input type=\"hidden\" name=\"form_id\" value=\"16482\"><input type=\"hidden\" name=\"page_id\" value=\"16477\"><input type=\"hidden\" name=\"form_type\" value=\"default\"><input type=\"hidden\" name=\"current_url\" value=\"https:\/\/simnsa.com\/es\/survey\/\"><input type=\"hidden\" name=\"render_id\" value=\"0\"><input type=\"hidden\" name=\"action\" value=\"forminator_submit_form_custom-forms\"><label for=\"input_10\" class=\"forminator-hidden\" aria-hidden=\"true\">Please do not fill in this field. <input id=\"input_10\" type=\"text\" name=\"input_10\" value=\"\" autocomplete=\"off\"><\/label><input type=\"hidden\" name=\"trp-form-language\" value=\"es\"\/><\/form>\n<\/div>\n<\/div><\/div>\n<div id=\"cmsmasters_column_evl4wudyq\" class=\"cmsmasters_column one_third\">\n<div class=\"cmsmasters_column_inner\"><\/div><\/div>\n<\/div>\n<\/div>\n<\/div>\n<\/div>\n<\/div>","protected":false},"excerpt":{"rendered":"","protected":false},"author":5,"featured_media":0,"parent":0,"menu_order":0,"comment_status":"closed","ping_status":"closed","template":"","meta":{"footnotes":""},"class_list":["post-16477","page","type-page","status-publish","hentry"],"_links":{"self":[{"href":"https:\/\/simnsa.com\/es\/wp-json\/wp\/v2\/pages\/16477","targetHints":{"allow":["GET"]}}],"collection":[{"href":"https:\/\/simnsa.com\/es\/wp-json\/wp\/v2\/pages"}],"about":[{"href":"https:\/\/simnsa.com\/es\/wp-json\/wp\/v2\/types\/page"}],"author":[{"embeddable":true,"href":"https:\/\/simnsa.com\/es\/wp-json\/wp\/v2\/users\/5"}],"replies":[{"embeddable":true,"href":"https:\/\/simnsa.com\/es\/wp-json\/wp\/v2\/comments?post=16477"}],"version-history":[{"count":0,"href":"https:\/\/simnsa.com\/es\/wp-json\/wp\/v2\/pages\/16477\/revisions"}],"wp:attachment":[{"href":"https:\/\/simnsa.com\/es\/wp-json\/wp\/v2\/media?parent=16477"}],"curies":[{"name":"wp","href":"https:\/\/api.w.org\/{rel}","templated":true}]}}